{"id":319,"date":"2017-08-23T09:21:30","date_gmt":"2017-08-23T09:21:30","guid":{"rendered":"http:\/\/themetrademark.com\/demo\/edumart\/?page_id=319"},"modified":"2020-08-04T10:38:02","modified_gmt":"2020-08-04T08:38:02","slug":"chi-siamo","status":"publish","type":"page","link":"https:\/\/www.gildacatania.it\/wordpress\/?page_id=319","title":{"rendered":"Chi siamo"},"content":{"rendered":"<p>[vc_row el_class=&#8221;inner-banner&#8221; bg_image_custom=&#8221;629&#8243;][vc_column][vc_raw_html]JTNDc3R5bGUlM0UlMEElMEEuYXBwbHktb25saW5lJTdCd2lkdGglM0ElMjAxMDAlMjUlMjAlMjFpbXBvcnRhbnQlM0IlN0QlMEEucHJvc3BlY3RzJTdCd2lkdGglM0ElMjAxMDAlMjUlMjAlMjFpbXBvcnRhbnQlM0IlN0QlMEEuY2VydGlmaWNhdGlvbiU3QndpZHRoJTNBJTIwMTAwJTI1JTIwJTIxaW1wb3J0YW50JTNCJTdEJTBBJTNDJTJGc3R5bGUlM0U=[\/vc_raw_html][vc_row_inner][vc_column_inner]  <div class=\"content\">\r\n    <h1>Gilda degli Insegnanti<\/h1>\r\n    <p><\/p>\r\n  <\/div>\r\n[\/vc_column_inner][\/vc_row_inner][\/vc_column][\/vc_row][vc_row gap=&#8221;25&#8243; el_class=&#8221;about inner padding-lg&#8221; css=&#8221;.vc_custom_1564564031380{background-color: #ffffff !important;}&#8221;][vc_column width=&#8221;2\/3&#8243;]\r\n<div class=\"title_area \">\r\n    <h2><span>Chi siamo<\/span> La gilda<\/h2>\r\n<\/div>\r\n[vc_column_text css=&#8221;.vc_custom_1579088375521{padding-right: 24px !important;}&#8221;]Associazione professionale di Insegnanti, libera ed indipendente da tutti i partiti e i movimenti politici, che intende mantenere vivo il principio della libert\u00e0 d&#8217; insegnamento garantito dalla Costituzione.<\/p>\n<p><strong>La GILDA \u00e8 nata durante la lotta contrattuale del 1988 come Associazione professionale<\/strong>\u00a0per garantire l&#8217;indipendenza e la centralit\u00e0 del ruolo degli insegnanti, si \u00e8 diffusa nel corso degli anni &#8217;90 nelle scuole dell&#8217;intero territorio nazionale sino a diventare uno dei cinque sindacati rappresentativi del comparto scuola.<\/p>\n<p><strong>GILDA non \u00e8 un acronimo n\u00e9 un nome femminile, ma riprende il nome delle associazioni medievali di arti e mestieri che rappresentarono un elemento di rottura del potere feudale<\/strong>, cos\u00ec come la GILDA vuole rappresentare un elemento di rottura rispetto al sindacalismo tradizionale.<\/p>\n<p><strong>La GILDA E&#8217; una libera associazione<\/strong>\u00a0che si impegna su due versanti: da un lato \u00e8 un&#8217;Associazione Professionale, volta al miglioramento dell&#8217;Istruzione pubblica e della qualit\u00e0 professionale degli insegnanti; dall&#8217;altro persegue anche fini sindacali, perch\u00e9 intende rivalutare il lavoro della categoria, elevandone le condizioni e aumentandone l&#8217;importanza nella societ\u00e0.<\/p>\n<p><strong>La GILDA sostiene un modello di scuola in grado di assolvere una specifica funzione culturale rifiutando una visione puramente assistenziale<\/strong>\u00a0che trasforma la scuola in un supermercato delle offerte formative al servizio delle richieste pi\u00f9 disparate ed accessorie.<\/p>\n<p><strong>Per la GILDA soltanto la centralit\u00e0 del sapere<\/strong>\u00a0pu\u00f2 essere alla base di percorsi formativi capaci di suscitare gli interessi e l&#8217;impegno dei giovani e creare prospettive di una scuola di qualit\u00e0.<\/p>\n<p><strong>La GILDA DEGLI INSEGNANTI \u00e8 costituita da docenti,<\/strong>\u00a0appartenenti a ordini diversi di scuola, i quali ritengono atipica la figura del docente e s\u2019impegnano per l\u2019identificazione del medesimo come professionista dell\u2019educazione. Il gruppo s\u2019impegna, inoltre, a fornire informazioni sui diritti dei docenti e ad operare per la tutela dei colleghi all\u2019interno delle scuole.<\/p>\n<p><strong>La GILDA DEGLI INSEGNANTI Nazionale e della provincia di CATANIA<\/strong>\u00a0ha lo scopo di tendere a migliorare la qualit\u00e0 della vita degli insegnanti all\u2019interno delle scuole e di rendere appetibile la professione docente, migliorandone, attraverso i contratti, lo status giuridico, la retribuzione economica e, di conseguenza, anche lo status sociale.<\/p>\n<p><strong>La GILDA \u00e8 un\u2019associazione apartitica e \u201ctrasversale\u201d,<\/strong>\u00a0perch\u00e9 ad essa si aderisce in quanto\u00a0<strong>insegnanti che sentono l\u2019\u201dorgoglio&#8221; (il gusto, il piacere) della professione.<\/strong>[\/vc_column_text][vc_row_inner][vc_column_inner css=&#8221;.vc_custom_1504241114868{padding-right: 14px !important;}&#8221;]<div class=\"btn-wrapper clearfix\">\r\n   \r\n    <a href=\"\" class=\"download-pros\"> \r\n      <span class=\"ico-block\">\r\n      <img decoding=\"async\" src=\"https:\/\/www.gildacatania.it\/wordpress\/wp-content\/uploads\/2017\/08\/download-prospects-ico2.png\" alt=\"\">\r\n      <\/span> \r\n      <span class=\"txt-block\"> <span class=\"sm-txt\">Download<\/span> FEDERAZIONE GILDA-UNAMS <\/span> \r\n    <\/a> \r\n  <\/div>\r\n[vc_wp_text]<\/p>\n<ul>\n<li><a href=\"http:\/\/www.gildacatania.it\/wordpress\/wp-content\/uploads\/2020\/03\/statuto_federazione.pdf\">Statuto<\/a><\/li>\n<li><a href=\"http:\/\/www.gildacatania.it\/wordpress\/wp-content\/uploads\/2020\/03\/regolamento-FGU_nuovo.pdf\">Regolamento di attuazione dello Statuto<\/a><\/li>\n<li><a href=\"http:\/\/www.gildacatania.it\/wordpress\/wp-content\/uploads\/2020\/03\/nuovo-Disc.C.Probiviri.pdf\">Regolamento per la disciplina dei procedimenti innanzi ai Collegi dei Probiviri (17.06.2014)<\/a><\/li>\n<li><a href=\"http:\/\/www.gildacatania.it\/wordpress\/wp-content\/uploads\/2020\/03\/organigramma_FGU.pdf\">Organigramma Nazionale<\/a><\/li>\n<\/ul>\n<p>[\/vc_wp_text]<div class=\"btn-wrapper clearfix\">\r\n   \r\n    <a href=\"\" class=\"download-pros\"> \r\n      <span class=\"ico-block\">\r\n      <img decoding=\"async\" src=\"https:\/\/www.gildacatania.it\/wordpress\/wp-content\/uploads\/2017\/08\/download-prospects-ico2.png\" alt=\"\">\r\n      <\/span> \r\n      <span class=\"txt-block\"> <span class=\"sm-txt\">Download<\/span> GILDA DEGLI INSEGNANTI <\/span> \r\n    <\/a> \r\n  <\/div>\r\n[vc_wp_text]<\/p>\n<ul>\n<li><a href=\"http:\/\/www.gildacatania.it\/wordpress\/wp-content\/uploads\/2020\/03\/organigramma4.pdf\">Organigramma<\/a><\/li>\n<li><a href=\"http:\/\/www.gildacatania.it\/wordpress\/wp-content\/uploads\/2020\/03\/statuto.pdf\">Statuto<\/a><\/li>\n<li><a href=\"http:\/\/www.gildacatania.it\/wordpress\/wp-content\/uploads\/2020\/03\/regolamento2.pdf\">Regolamento di attuazione dello Statuto<\/a><\/li>\n<\/ul>\n<p>[\/vc_wp_text]<div class=\"btn-wrapper clearfix\">\r\n   \r\n    <a href=\"\" class=\"download-pros\"> \r\n      <span class=\"ico-block\">\r\n      <img decoding=\"async\" src=\"https:\/\/www.gildacatania.it\/wordpress\/wp-content\/uploads\/2017\/08\/download-prospects-ico2.png\" alt=\"\">\r\n      <\/span> \r\n      <span class=\"txt-block\"> <span class=\"sm-txt\">Download<\/span> CARTA ETICA <\/span> \r\n    <\/a> \r\n  <\/div>\r\n[vc_wp_text]<\/p>\n<ul>\n<li><a href=\"http:\/\/www.gildacatania.it\/wordpress\/wp-content\/uploads\/2020\/03\/200810_carta_etica.pdf\">Principi etici della professione docente<\/a><\/li>\n<\/ul>\n<p>[\/vc_wp_text]<div class=\"btn-wrapper clearfix\">\r\n   \r\n    <a href=\"\" class=\"download-pros\"> \r\n      <span class=\"ico-block\">\r\n      <img decoding=\"async\" src=\"https:\/\/www.gildacatania.it\/wordpress\/wp-content\/uploads\/2017\/08\/download-prospects-ico2.png\" alt=\"\">\r\n      <\/span> \r\n      <span class=\"txt-block\"> <span class=\"sm-txt\">Download<\/span> PIATTAFORMA CONTRATTUALE <\/span> \r\n    <\/a> \r\n  <\/div>\r\n[vc_wp_text]<\/p>\n<ul>\n<li><a href=\"http:\/\/www.gildacatania.it\/wordpress\/wp-content\/uploads\/2020\/03\/piattaforma20102012_pd_spec.pdf\">Piattaforma contrattuale 2010-2012<\/a><\/li>\n<\/ul>\n<p>[\/vc_wp_text][\/vc_column_inner][\/vc_row_inner][\/vc_column][vc_column width=&#8221;1\/3&#8243;][vc_row_inner][vc_column_inner][vc_wp_search title=&#8221;Cerca&#8221;][\/vc_column_inner][\/vc_row_inner][vc_row_inner css=&#8221;.vc_custom_1564563879016{margin-top: 10px !important;background-color: #f7f7f7 !important;}&#8221;][vc_column_inner][vc_wp_custommenu nav_menu=&#8221;27&#8243;][\/vc_column_inner][\/vc_row_inner][vc_row_inner css=&#8221;.vc_custom_1564563879016{margin-top: 10px !important;background-color: #f7f7f7 !important;}&#8221;][vc_column_inner][vc_widget_sidebar sidebar_id=&#8221;sidebar-1&#8243;][\/vc_column_inner][\/vc_row_inner][vc_row_inner css=&#8221;.vc_custom_1572432930685{margin-top: 300px !important;padding-bottom: 120px !important;}&#8221;][vc_column_inner]<ul class=\"row our-links\">\r\n    <li class=\"col-sm-4 apply-online clearfix equal-hight\">\r\n      <div class=\"icon\"><img decoding=\"async\" src=\"\" class=\"img-responsive\" alt=\"\"><\/div>\r\n      <div class=\"detail\">\r\n        <h3>SERVIZI<\/h3>\r\n        <p><\/p>\r\n        <a href=\"\" class=\"more\"><i class=\"fa fa-angle-right\" aria-hidden=\"true\"><\/i><\/a> <\/div>\r\n    <\/li>\r\n   \r\n<\/ul>\r\n[\/vc_column_inner][\/vc_row_inner][vc_row_inner css=&#8221;.vc_custom_1572358886788{margin-top: 60px !important;padding-bottom: 120px !important;}&#8221;][vc_column_inner]<ul class=\"row our-links\">\r\n    <li class=\"col-sm-4 prospects clearfix equal-hight\">\r\n      <div class=\"icon\"><img decoding=\"async\" src=\"\" class=\"img-responsive\" alt=\"\"><\/div>\r\n      <div class=\"detail\">\r\n        <h3><h3 style=\"color:#fff !important;\">AREA DOWNLOAD<\/h3><\/h3>\r\n        <p><\/p>\r\n        <a href=\"\" class=\"more\"><i class=\"fa fa-angle-right\" aria-hidden=\"true\"><\/i><\/a> <\/div>\r\n    <\/li>\r\n   \r\n<\/ul>\r\n[\/vc_column_inner][\/vc_row_inner][vc_row_inner css=&#8221;.vc_custom_1575624903587{margin-top: 80px !important;padding-bottom: 30px !important;}&#8221;][vc_column_inner]<ul class=\"row our-links\">\r\n    <li class=\"col-sm-4 certification clearfix equal-hight\">\r\n      <div class=\"icon\"><img decoding=\"async\" src=\"\" class=\"img-responsive\" alt=\"\"><\/div>\r\n      <div class=\"detail\">\r\n        <h3>GILDA TV<\/h3>\r\n        <p><\/p>\r\n        <a href=\"\" class=\"more\"><i class=\"fa fa-angle-right\" aria-hidden=\"true\"><\/i><\/a> <\/div>\r\n    <\/li>\r\n   \r\n<\/ul>\r\n[\/vc_column_inner][\/vc_row_inner][\/vc_column][\/vc_row]<\/p>\n","protected":false},"excerpt":{"rendered":"<p>[vc_row el_class=&#8221;inner-banner&#8221; bg_image_custom=&#8221;629&#8243;][vc_column][vc_raw_html]JTNDc3R5bGUlM0UlMEElMEEuYXBwbHktb25saW5lJTdCd2lkdGglM0ElMjAxMDAlMjUlMjAlMjFpbXBvcnRhbnQlM0IlN0QlMEEucHJvc3BlY3RzJTdCd2lkdGglM0ElMjAxMDAlMjUlMjAlMjFpbXBvcnRhbnQlM0IlN0QlMEEuY2VydGlmaWNhdGlvbiU3QndpZHRoJTNBJTIwMTAwJTI1JTIwJTIxaW1wb3J0YW50JTNCJTdEJTBBJTNDJTJGc3R5bGUlM0U=[\/vc_raw_html][vc_row_inner][vc_column_inner][\/vc_column_inner][\/vc_row_inner][\/vc_column][\/vc_row][vc_row gap=&#8221;25&#8243; el_class=&#8221;about inner padding-lg&#8221; css=&#8221;.vc_custom_1564564031380{background-color: #ffffff !important;}&#8221;][vc_column width=&#8221;2\/3&#8243;][vc_column_text css=&#8221;.vc_custom_1579088375521{padding-right: 24px !important;}&#8221;]Associazione professionale di Insegnanti, libera ed indipendente da tutti i partiti e i movimenti politici, che intende mantenere vivo il principio della libert\u00e0 d&#8217; insegnamento garantito dalla Costituzione. La GILDA \u00e8 nata durante la lotta contrattuale del 1988 come Associazione professionale\u00a0per garantire [&hellip;]<\/p>\n","protected":false},"author":1,"featured_media":1839,"parent":0,"menu_order":0,"comment_status":"closed","ping_status":"closed","template":"template\/home.php","meta":{"footnotes":""},"class_list":["post-319","page","type-page","status-publish","has-post-thumbnail","hentry"],"yoast_head":"<!-- This site is optimized with the Yoast SEO plugin v27.4 - https:\/\/yoast.com\/product\/yoast-seo-wordpress\/ -->\r\n<title>Chi siamo - Gilda Catania<\/title>\r\n<meta name=\"robots\" content=\"index, follow, max-snippet:-1, max-image-preview:large, max-video-preview:-1\" \/>\r\n<link rel=\"canonical\" href=\"https:\/\/www.gildacatania.it\/wordpress\/?page_id=319\" \/>\r\n<meta property=\"og:locale\" content=\"it_IT\" \/>\r\n<meta property=\"og:type\" content=\"article\" \/>\r\n<meta property=\"og:title\" content=\"Chi siamo - Gilda Catania\" \/>\r\n<meta property=\"og:description\" content=\"[vc_row el_class=&#8221;inner-banner&#8221; bg_image_custom=&#8221;629&#8243;][vc_column][vc_raw_html]JTNDc3R5bGUlM0UlMEElMEEuYXBwbHktb25saW5lJTdCd2lkdGglM0ElMjAxMDAlMjUlMjAlMjFpbXBvcnRhbnQlM0IlN0QlMEEucHJvc3BlY3RzJTdCd2lkdGglM0ElMjAxMDAlMjUlMjAlMjFpbXBvcnRhbnQlM0IlN0QlMEEuY2VydGlmaWNhdGlvbiU3QndpZHRoJTNBJTIwMTAwJTI1JTIwJTIxaW1wb3J0YW50JTNCJTdEJTBBJTNDJTJGc3R5bGUlM0U=[\/vc_raw_html][vc_row_inner][vc_column_inner][\/vc_column_inner][\/vc_row_inner][\/vc_column][\/vc_row][vc_row gap=&#8221;25&#8243; el_class=&#8221;about inner padding-lg&#8221; css=&#8221;.vc_custom_1564564031380{background-color: #ffffff !important;}&#8221;][vc_column width=&#8221;2\/3&#8243;][vc_column_text css=&#8221;.vc_custom_1579088375521{padding-right: 24px !important;}&#8221;]Associazione professionale di Insegnanti, libera ed indipendente da tutti i partiti e i movimenti politici, che intende mantenere vivo il principio della libert\u00e0 d&#8217; insegnamento garantito dalla Costituzione. La GILDA \u00e8 nata durante la lotta contrattuale del 1988 come Associazione professionale\u00a0per garantire [&hellip;]\" \/>\r\n<meta property=\"og:url\" content=\"https:\/\/www.gildacatania.it\/wordpress\/?page_id=319\" \/>\r\n<meta property=\"og:site_name\" content=\"Gilda Catania\" \/>\r\n<meta property=\"article:modified_time\" content=\"2020-08-04T08:38:02+00:00\" \/>\r\n<meta property=\"og:image\" content=\"https:\/\/www.gildacatania.it\/wordpress\/wp-content\/uploads\/2020\/03\/gildacatania400x400.png\" \/>\r\n\t<meta property=\"og:image:width\" content=\"200\" \/>\r\n\t<meta property=\"og:image:height\" content=\"200\" \/>\r\n\t<meta property=\"og:image:type\" content=\"image\/png\" \/>\r\n<meta name=\"twitter:card\" content=\"summary_large_image\" \/>\r\n<meta name=\"twitter:label1\" content=\"Tempo di lettura stimato\" \/>\n\t<meta name=\"twitter:data1\" content=\"5 minuti\" \/>\r\n<script type=\"application\/ld+json\" class=\"yoast-schema-graph\">{\"@context\":\"https:\\\/\\\/schema.org\",\"@graph\":[{\"@type\":\"WebPage\",\"@id\":\"https:\\\/\\\/www.gildacatania.it\\\/wordpress\\\/?page_id=319\",\"url\":\"https:\\\/\\\/www.gildacatania.it\\\/wordpress\\\/?page_id=319\",\"name\":\"Chi siamo - Gilda Catania\",\"isPartOf\":{\"@id\":\"https:\\\/\\\/www.gildacatania.it\\\/wordpress\\\/#website\"},\"primaryImageOfPage\":{\"@id\":\"https:\\\/\\\/www.gildacatania.it\\\/wordpress\\\/?page_id=319#primaryimage\"},\"image\":{\"@id\":\"https:\\\/\\\/www.gildacatania.it\\\/wordpress\\\/?page_id=319#primaryimage\"},\"thumbnailUrl\":\"https:\\\/\\\/www.gildacatania.it\\\/wordpress\\\/wp-content\\\/uploads\\\/2020\\\/03\\\/gildacatania400x400.png\",\"datePublished\":\"2017-08-23T09:21:30+00:00\",\"dateModified\":\"2020-08-04T08:38:02+00:00\",\"breadcrumb\":{\"@id\":\"https:\\\/\\\/www.gildacatania.it\\\/wordpress\\\/?page_id=319#breadcrumb\"},\"inLanguage\":\"it-IT\",\"potentialAction\":[{\"@type\":\"ReadAction\",\"target\":[\"https:\\\/\\\/www.gildacatania.it\\\/wordpress\\\/?page_id=319\"]}]},{\"@type\":\"ImageObject\",\"inLanguage\":\"it-IT\",\"@id\":\"https:\\\/\\\/www.gildacatania.it\\\/wordpress\\\/?page_id=319#primaryimage\",\"url\":\"https:\\\/\\\/www.gildacatania.it\\\/wordpress\\\/wp-content\\\/uploads\\\/2020\\\/03\\\/gildacatania400x400.png\",\"contentUrl\":\"https:\\\/\\\/www.gildacatania.it\\\/wordpress\\\/wp-content\\\/uploads\\\/2020\\\/03\\\/gildacatania400x400.png\",\"width\":200,\"height\":200},{\"@type\":\"BreadcrumbList\",\"@id\":\"https:\\\/\\\/www.gildacatania.it\\\/wordpress\\\/?page_id=319#breadcrumb\",\"itemListElement\":[{\"@type\":\"ListItem\",\"position\":1,\"name\":\"Home\",\"item\":\"https:\\\/\\\/www.gildacatania.it\\\/wordpress\\\/\"},{\"@type\":\"ListItem\",\"position\":2,\"name\":\"Chi siamo\"}]},{\"@type\":\"WebSite\",\"@id\":\"https:\\\/\\\/www.gildacatania.it\\\/wordpress\\\/#website\",\"url\":\"https:\\\/\\\/www.gildacatania.it\\\/wordpress\\\/\",\"name\":\"Gilda Catania\",\"description\":\"Ordine professionale docenti\",\"potentialAction\":[{\"@type\":\"SearchAction\",\"target\":{\"@type\":\"EntryPoint\",\"urlTemplate\":\"https:\\\/\\\/www.gildacatania.it\\\/wordpress\\\/?s={search_term_string}\"},\"query-input\":{\"@type\":\"PropertyValueSpecification\",\"valueRequired\":true,\"valueName\":\"search_term_string\"}}],\"inLanguage\":\"it-IT\"}]}<\/script>\r\n<!-- \/ Yoast SEO plugin. -->","yoast_head_json":{"title":"Chi siamo - Gilda Catania","robots":{"index":"index","follow":"follow","max-snippet":"max-snippet:-1","max-image-preview":"max-image-preview:large","max-video-preview":"max-video-preview:-1"},"canonical":"https:\/\/www.gildacatania.it\/wordpress\/?page_id=319","og_locale":"it_IT","og_type":"article","og_title":"Chi siamo - Gilda Catania","og_description":"[vc_row el_class=&#8221;inner-banner&#8221; bg_image_custom=&#8221;629&#8243;][vc_column][vc_raw_html]JTNDc3R5bGUlM0UlMEElMEEuYXBwbHktb25saW5lJTdCd2lkdGglM0ElMjAxMDAlMjUlMjAlMjFpbXBvcnRhbnQlM0IlN0QlMEEucHJvc3BlY3RzJTdCd2lkdGglM0ElMjAxMDAlMjUlMjAlMjFpbXBvcnRhbnQlM0IlN0QlMEEuY2VydGlmaWNhdGlvbiU3QndpZHRoJTNBJTIwMTAwJTI1JTIwJTIxaW1wb3J0YW50JTNCJTdEJTBBJTNDJTJGc3R5bGUlM0U=[\/vc_raw_html][vc_row_inner][vc_column_inner][\/vc_column_inner][\/vc_row_inner][\/vc_column][\/vc_row][vc_row gap=&#8221;25&#8243; el_class=&#8221;about inner padding-lg&#8221; css=&#8221;.vc_custom_1564564031380{background-color: #ffffff !important;}&#8221;][vc_column width=&#8221;2\/3&#8243;][vc_column_text css=&#8221;.vc_custom_1579088375521{padding-right: 24px !important;}&#8221;]Associazione professionale di Insegnanti, libera ed indipendente da tutti i partiti e i movimenti politici, che intende mantenere vivo il principio della libert\u00e0 d&#8217; insegnamento garantito dalla Costituzione. La GILDA \u00e8 nata durante la lotta contrattuale del 1988 come Associazione professionale\u00a0per garantire [&hellip;]","og_url":"https:\/\/www.gildacatania.it\/wordpress\/?page_id=319","og_site_name":"Gilda Catania","article_modified_time":"2020-08-04T08:38:02+00:00","og_image":[{"width":200,"height":200,"url":"https:\/\/www.gildacatania.it\/wordpress\/wp-content\/uploads\/2020\/03\/gildacatania400x400.png","type":"image\/png"}],"twitter_card":"summary_large_image","twitter_misc":{"Tempo di lettura stimato":"5 minuti"},"schema":{"@context":"https:\/\/schema.org","@graph":[{"@type":"WebPage","@id":"https:\/\/www.gildacatania.it\/wordpress\/?page_id=319","url":"https:\/\/www.gildacatania.it\/wordpress\/?page_id=319","name":"Chi siamo - Gilda Catania","isPartOf":{"@id":"https:\/\/www.gildacatania.it\/wordpress\/#website"},"primaryImageOfPage":{"@id":"https:\/\/www.gildacatania.it\/wordpress\/?page_id=319#primaryimage"},"image":{"@id":"https:\/\/www.gildacatania.it\/wordpress\/?page_id=319#primaryimage"},"thumbnailUrl":"https:\/\/www.gildacatania.it\/wordpress\/wp-content\/uploads\/2020\/03\/gildacatania400x400.png","datePublished":"2017-08-23T09:21:30+00:00","dateModified":"2020-08-04T08:38:02+00:00","breadcrumb":{"@id":"https:\/\/www.gildacatania.it\/wordpress\/?page_id=319#breadcrumb"},"inLanguage":"it-IT","potentialAction":[{"@type":"ReadAction","target":["https:\/\/www.gildacatania.it\/wordpress\/?page_id=319"]}]},{"@type":"ImageObject","inLanguage":"it-IT","@id":"https:\/\/www.gildacatania.it\/wordpress\/?page_id=319#primaryimage","url":"https:\/\/www.gildacatania.it\/wordpress\/wp-content\/uploads\/2020\/03\/gildacatania400x400.png","contentUrl":"https:\/\/www.gildacatania.it\/wordpress\/wp-content\/uploads\/2020\/03\/gildacatania400x400.png","width":200,"height":200},{"@type":"BreadcrumbList","@id":"https:\/\/www.gildacatania.it\/wordpress\/?page_id=319#breadcrumb","itemListElement":[{"@type":"ListItem","position":1,"name":"Home","item":"https:\/\/www.gildacatania.it\/wordpress\/"},{"@type":"ListItem","position":2,"name":"Chi siamo"}]},{"@type":"WebSite","@id":"https:\/\/www.gildacatania.it\/wordpress\/#website","url":"https:\/\/www.gildacatania.it\/wordpress\/","name":"Gilda Catania","description":"Ordine professionale docenti","potentialAction":[{"@type":"SearchAction","target":{"@type":"EntryPoint","urlTemplate":"https:\/\/www.gildacatania.it\/wordpress\/?s={search_term_string}"},"query-input":{"@type":"PropertyValueSpecification","valueRequired":true,"valueName":"search_term_string"}}],"inLanguage":"it-IT"}]}},"_links":{"self":[{"href":"https:\/\/www.gildacatania.it\/wordpress\/index.php?rest_route=\/wp\/v2\/pages\/319","targetHints":{"allow":["GET"]}}],"collection":[{"href":"https:\/\/www.gildacatania.it\/wordpress\/index.php?rest_route=\/wp\/v2\/pages"}],"about":[{"href":"https:\/\/www.gildacatania.it\/wordpress\/index.php?rest_route=\/wp\/v2\/types\/page"}],"author":[{"embeddable":true,"href":"https:\/\/www.gildacatania.it\/wordpress\/index.php?rest_route=\/wp\/v2\/users\/1"}],"replies":[{"embeddable":true,"href":"https:\/\/www.gildacatania.it\/wordpress\/index.php?rest_route=%2Fwp%2Fv2%2Fcomments&post=319"}],"version-history":[{"count":0,"href":"https:\/\/www.gildacatania.it\/wordpress\/index.php?rest_route=\/wp\/v2\/pages\/319\/revisions"}],"wp:featuredmedia":[{"embeddable":true,"href":"https:\/\/www.gildacatania.it\/wordpress\/index.php?rest_route=\/wp\/v2\/media\/1839"}],"wp:attachment":[{"href":"https:\/\/www.gildacatania.it\/wordpress\/index.php?rest_route=%2Fwp%2Fv2%2Fmedia&parent=319"}],"curies":[{"name":"wp","href":"https:\/\/api.w.org\/{rel}","templated":true}]}}