{"id":1793,"date":"2020-03-18T12:06:46","date_gmt":"2020-03-18T11:06:46","guid":{"rendered":"http:\/\/www.gildacatania.it\/wordpress\/?page_id=1793"},"modified":"2021-01-18T15:00:19","modified_gmt":"2021-01-18T14:00:19","slug":"iscriviti","status":"publish","type":"page","link":"https:\/\/www.gildacatania.it\/wordpress\/?page_id=1793","title":{"rendered":"Iscriviti"},"content":{"rendered":"<p>[vc_row gap=&#8221;25&#8243; el_class=&#8221;about inner padding-lg&#8221; css=&#8221;.vc_custom_1563981267481{background-color: #ffffff !important;}&#8221;][vc_column width=&#8221;2\/3&#8243;][vc_row_inner css=&#8221;.vc_custom_1584526102326{background-color: #ffffff !important;}&#8221;][vc_column_inner css=&#8221;.vc_custom_1584525955003{padding-right: 14px !important;background-color: #ffffff !important;}&#8221;][vc_column_text css=&#8221;.vc_custom_1610978417777{margin-top: 30px !important;}&#8221;]<\/p>\n<h3>Iscriviti<\/h3>\n<p>[\/vc_column_text][vc_column_text css=&#8221;.vc_custom_1584529720494{margin-top: 30px !important;margin-right: 30px !important;}&#8221;]<\/p>\n<h5 style=\"line-height: 26px;\">La professione dell\u2019insegnante ha valenza pubblica, prima di tutto per mandato costituzionale e poi perch\u00e9 il diritto all\u2019istruzione \u00e8, ormai, universalmente riconosciuto.<br \/>\nLa valenza pubblica dell\u2019insegnare risiede nella Carta Costituzionale da cui discende il D.L. 16 Aprile 1994, n.297 ( Parte III, , titolo I, Capo I ), secondo il quale la \u201cfunzione docente \u00e8 intesa come esplicazione essenziale dell\u2019 attivit\u00e0 di trasmissione della cultura, di contributo alla elaborazione di essa e di impulso alla partecipazione dei giovani a tale processo e alla formazione umana e critica della loro personalit\u00e0\u201d.<\/h5>\n<p>[\/vc_column_text][vc_column_text css=&#8221;.vc_custom_1584529563229{margin-top: 30px !important;}&#8221;]Gli impegni elencati sono i diversi aspetti di una pi\u00f9 generale responsabilit\u00e0 verso la collettivit\u00e0, che affida alla scuola<\/p>\n<p>\u2013 e dunque in primo luogo agli insegnanti<\/p>\n<p>\u2013 il compito di educare le nuove generazioni e di trasmettere il proprio patrimonio culturale.<\/p>\n<p>I docenti della Gilda, costituiti in associazione professionale, rivendicano infine, anche attraverso l\u2019elaborazione di questi principi,<\/p>\n<p>&#8211; qualora si perseguisse il processo di valutazione dei docenti-il diritto di essere coinvolti nella definizione dei criteri per la valutazione degli insegnanti. [\/vc_column_text][vc_column_text css=&#8221;.vc_custom_1610977567856{margin-top: 30px !important;}&#8221;]Caro Collega,<br \/>\nLa Gilda degli insegnanti \u00e8 nata come Ordine Professionale Docenti.<br \/>\nE&#8217; l&#8217;unico Sindacato, che per politica interna non iscrive Dirigenti Scolastici n\u00e9 DSGA.<br \/>\nLA Gilda degli insegnanti persegue l&#8217;interesse dei Docenti e li tutela con ogni mezzo consentito dalla vigente norma.<br \/>\nIscriviti alla Gilda per dargli forza.<\/p>\n<p>Per iscriversi al sindacato basta compilare i seguenti documenti:<br \/>\n<strong>Delega Sindacale e Privacy,<\/strong> debitamente compilati e firmati, vanno corredati di copia della <strong>Carta d\u2019Identit\u00e0 e del Codice Fiscale<\/strong> e possono essere inviati direttamente a iscrittigilda@gmail.com<br \/>\n<strong>con oggetto: Adesione al Sindacato<\/strong>[\/vc_column_text][\/vc_column_inner][\/vc_row_inner][vc_row_inner css=&#8221;.vc_custom_1584530020430{margin-bottom: 30px !important;background-color: #ffffff !important;}&#8221;][vc_column_inner css=&#8221;.vc_custom_1584525955003{padding-right: 14px !important;background-color: #ffffff !important;}&#8221;]<div class=\"btn-wrapper clearfix\">\r\n   \r\n    <a href=\"http:\/\/www.gildacatania.it\/wordpress\/wp-content\/uploads\/2021\/01\/Adesione-Gilda-2020.pdf\" class=\"download-pros\"> \r\n      <span class=\"ico-block\">\r\n      <img decoding=\"async\" src=\"\" alt=\"\">\r\n      <\/span> \r\n      <span class=\"txt-block\"> <span class=\"sm-txt\">Download<\/span> Modello adesione 2020 <\/span> \r\n    <\/a> \r\n  <\/div>\r\n[\/vc_column_inner][\/vc_row_inner][\/vc_column][vc_column width=&#8221;1\/3&#8243; css=&#8221;.vc_custom_1564560193794{background-color: #ffffff !important;}&#8221;][vc_row_inner css=&#8221;.vc_custom_1564563628552{margin-top: 10px !important;margin-bottom: 10px !important;background-color: #f7f7f7 !important;}&#8221;][vc_column_inner][vc_widget_sidebar sidebar_id=&#8221;sidebar-1&#8243;][\/vc_column_inner][\/vc_row_inner][vc_row_inner css=&#8221;.vc_custom_1564563209044{margin-top: 10px !important;}&#8221;][vc_column_inner][vc_wp_archives][\/vc_column_inner][\/vc_row_inner][\/vc_column][\/vc_row]<\/p>\n","protected":false},"excerpt":{"rendered":"<p>[vc_row gap=&#8221;25&#8243; el_class=&#8221;about inner padding-lg&#8221; css=&#8221;.vc_custom_1563981267481{background-color: #ffffff !important;}&#8221;][vc_column width=&#8221;2\/3&#8243;][vc_row_inner css=&#8221;.vc_custom_1584526102326{background-color: #ffffff !important;}&#8221;][vc_column_inner css=&#8221;.vc_custom_1584525955003{padding-right: 14px !important;background-color: #ffffff !important;}&#8221;][vc_column_text css=&#8221;.vc_custom_1610978417777{margin-top: 30px !important;}&#8221;] Iscriviti [\/vc_column_text][vc_column_text css=&#8221;.vc_custom_1584529720494{margin-top: 30px !important;margin-right: 30px !important;}&#8221;] La professione dell\u2019insegnante ha valenza pubblica, prima di tutto per mandato costituzionale e poi perch\u00e9 il diritto all\u2019istruzione \u00e8, ormai, universalmente riconosciuto. La valenza pubblica dell\u2019insegnare risiede nella [&hellip;]<\/p>\n","protected":false},"author":1,"featured_media":1839,"parent":319,"menu_order":0,"comment_status":"closed","ping_status":"closed","template":"template\/home.php","meta":{"footnotes":""},"class_list":["post-1793","page","type-page","status-publish","has-post-thumbnail","hentry"],"yoast_head":"<!-- This site is optimized with the Yoast SEO plugin v27.3 - https:\/\/yoast.com\/product\/yoast-seo-wordpress\/ -->\r\n<title>Iscriviti - Gilda Catania<\/title>\r\n<meta name=\"robots\" content=\"index, follow, max-snippet:-1, max-image-preview:large, max-video-preview:-1\" \/>\r\n<link rel=\"canonical\" href=\"https:\/\/www.gildacatania.it\/wordpress\/?page_id=1793\" \/>\r\n<meta property=\"og:locale\" content=\"it_IT\" \/>\r\n<meta property=\"og:type\" content=\"article\" \/>\r\n<meta property=\"og:title\" content=\"Iscriviti - Gilda Catania\" \/>\r\n<meta property=\"og:description\" content=\"[vc_row gap=&#8221;25&#8243; el_class=&#8221;about inner padding-lg&#8221; css=&#8221;.vc_custom_1563981267481{background-color: #ffffff !important;}&#8221;][vc_column width=&#8221;2\/3&#8243;][vc_row_inner css=&#8221;.vc_custom_1584526102326{background-color: #ffffff !important;}&#8221;][vc_column_inner css=&#8221;.vc_custom_1584525955003{padding-right: 14px !important;background-color: #ffffff !important;}&#8221;][vc_column_text css=&#8221;.vc_custom_1610978417777{margin-top: 30px !important;}&#8221;] Iscriviti [\/vc_column_text][vc_column_text css=&#8221;.vc_custom_1584529720494{margin-top: 30px !important;margin-right: 30px !important;}&#8221;] La professione dell\u2019insegnante ha valenza pubblica, prima di tutto per mandato costituzionale e poi perch\u00e9 il diritto all\u2019istruzione \u00e8, ormai, universalmente riconosciuto. La valenza pubblica dell\u2019insegnare risiede nella [&hellip;]\" \/>\r\n<meta property=\"og:url\" content=\"https:\/\/www.gildacatania.it\/wordpress\/?page_id=1793\" \/>\r\n<meta property=\"og:site_name\" content=\"Gilda Catania\" \/>\r\n<meta property=\"article:modified_time\" content=\"2021-01-18T14:00:19+00:00\" \/>\r\n<meta property=\"og:image\" content=\"https:\/\/www.gildacatania.it\/wordpress\/wp-content\/uploads\/2020\/03\/gildacatania400x400.png\" \/>\r\n\t<meta property=\"og:image:width\" content=\"200\" \/>\r\n\t<meta property=\"og:image:height\" content=\"200\" \/>\r\n\t<meta property=\"og:image:type\" content=\"image\/png\" \/>\r\n<meta name=\"twitter:card\" content=\"summary_large_image\" \/>\r\n<meta name=\"twitter:label1\" content=\"Tempo di lettura stimato\" \/>\n\t<meta name=\"twitter:data1\" content=\"3 minuti\" \/>\r\n<script type=\"application\/ld+json\" class=\"yoast-schema-graph\">{\"@context\":\"https:\\\/\\\/schema.org\",\"@graph\":[{\"@type\":\"WebPage\",\"@id\":\"https:\\\/\\\/www.gildacatania.it\\\/wordpress\\\/?page_id=1793\",\"url\":\"https:\\\/\\\/www.gildacatania.it\\\/wordpress\\\/?page_id=1793\",\"name\":\"Iscriviti - Gilda Catania\",\"isPartOf\":{\"@id\":\"https:\\\/\\\/www.gildacatania.it\\\/wordpress\\\/#website\"},\"primaryImageOfPage\":{\"@id\":\"https:\\\/\\\/www.gildacatania.it\\\/wordpress\\\/?page_id=1793#primaryimage\"},\"image\":{\"@id\":\"https:\\\/\\\/www.gildacatania.it\\\/wordpress\\\/?page_id=1793#primaryimage\"},\"thumbnailUrl\":\"https:\\\/\\\/www.gildacatania.it\\\/wordpress\\\/wp-content\\\/uploads\\\/2020\\\/03\\\/gildacatania400x400.png\",\"datePublished\":\"2020-03-18T11:06:46+00:00\",\"dateModified\":\"2021-01-18T14:00:19+00:00\",\"breadcrumb\":{\"@id\":\"https:\\\/\\\/www.gildacatania.it\\\/wordpress\\\/?page_id=1793#breadcrumb\"},\"inLanguage\":\"it-IT\",\"potentialAction\":[{\"@type\":\"ReadAction\",\"target\":[\"https:\\\/\\\/www.gildacatania.it\\\/wordpress\\\/?page_id=1793\"]}]},{\"@type\":\"ImageObject\",\"inLanguage\":\"it-IT\",\"@id\":\"https:\\\/\\\/www.gildacatania.it\\\/wordpress\\\/?page_id=1793#primaryimage\",\"url\":\"https:\\\/\\\/www.gildacatania.it\\\/wordpress\\\/wp-content\\\/uploads\\\/2020\\\/03\\\/gildacatania400x400.png\",\"contentUrl\":\"https:\\\/\\\/www.gildacatania.it\\\/wordpress\\\/wp-content\\\/uploads\\\/2020\\\/03\\\/gildacatania400x400.png\",\"width\":200,\"height\":200},{\"@type\":\"BreadcrumbList\",\"@id\":\"https:\\\/\\\/www.gildacatania.it\\\/wordpress\\\/?page_id=1793#breadcrumb\",\"itemListElement\":[{\"@type\":\"ListItem\",\"position\":1,\"name\":\"Home\",\"item\":\"https:\\\/\\\/www.gildacatania.it\\\/wordpress\\\/\"},{\"@type\":\"ListItem\",\"position\":2,\"name\":\"Chi siamo\",\"item\":\"https:\\\/\\\/www.gildacatania.it\\\/wordpress\\\/?page_id=319\"},{\"@type\":\"ListItem\",\"position\":3,\"name\":\"Iscriviti\"}]},{\"@type\":\"WebSite\",\"@id\":\"https:\\\/\\\/www.gildacatania.it\\\/wordpress\\\/#website\",\"url\":\"https:\\\/\\\/www.gildacatania.it\\\/wordpress\\\/\",\"name\":\"Gilda Catania\",\"description\":\"Ordine professionale docenti\",\"potentialAction\":[{\"@type\":\"SearchAction\",\"target\":{\"@type\":\"EntryPoint\",\"urlTemplate\":\"https:\\\/\\\/www.gildacatania.it\\\/wordpress\\\/?s={search_term_string}\"},\"query-input\":{\"@type\":\"PropertyValueSpecification\",\"valueRequired\":true,\"valueName\":\"search_term_string\"}}],\"inLanguage\":\"it-IT\"}]}<\/script>\r\n<!-- \/ Yoast SEO plugin. -->","yoast_head_json":{"title":"Iscriviti - Gilda Catania","robots":{"index":"index","follow":"follow","max-snippet":"max-snippet:-1","max-image-preview":"max-image-preview:large","max-video-preview":"max-video-preview:-1"},"canonical":"https:\/\/www.gildacatania.it\/wordpress\/?page_id=1793","og_locale":"it_IT","og_type":"article","og_title":"Iscriviti - Gilda Catania","og_description":"[vc_row gap=&#8221;25&#8243; el_class=&#8221;about inner padding-lg&#8221; css=&#8221;.vc_custom_1563981267481{background-color: #ffffff !important;}&#8221;][vc_column width=&#8221;2\/3&#8243;][vc_row_inner css=&#8221;.vc_custom_1584526102326{background-color: #ffffff !important;}&#8221;][vc_column_inner css=&#8221;.vc_custom_1584525955003{padding-right: 14px !important;background-color: #ffffff !important;}&#8221;][vc_column_text css=&#8221;.vc_custom_1610978417777{margin-top: 30px !important;}&#8221;] Iscriviti [\/vc_column_text][vc_column_text css=&#8221;.vc_custom_1584529720494{margin-top: 30px !important;margin-right: 30px !important;}&#8221;] La professione dell\u2019insegnante ha valenza pubblica, prima di tutto per mandato costituzionale e poi perch\u00e9 il diritto all\u2019istruzione \u00e8, ormai, universalmente riconosciuto. La valenza pubblica dell\u2019insegnare risiede nella [&hellip;]","og_url":"https:\/\/www.gildacatania.it\/wordpress\/?page_id=1793","og_site_name":"Gilda Catania","article_modified_time":"2021-01-18T14:00:19+00:00","og_image":[{"width":200,"height":200,"url":"https:\/\/www.gildacatania.it\/wordpress\/wp-content\/uploads\/2020\/03\/gildacatania400x400.png","type":"image\/png"}],"twitter_card":"summary_large_image","twitter_misc":{"Tempo di lettura stimato":"3 minuti"},"schema":{"@context":"https:\/\/schema.org","@graph":[{"@type":"WebPage","@id":"https:\/\/www.gildacatania.it\/wordpress\/?page_id=1793","url":"https:\/\/www.gildacatania.it\/wordpress\/?page_id=1793","name":"Iscriviti - Gilda Catania","isPartOf":{"@id":"https:\/\/www.gildacatania.it\/wordpress\/#website"},"primaryImageOfPage":{"@id":"https:\/\/www.gildacatania.it\/wordpress\/?page_id=1793#primaryimage"},"image":{"@id":"https:\/\/www.gildacatania.it\/wordpress\/?page_id=1793#primaryimage"},"thumbnailUrl":"https:\/\/www.gildacatania.it\/wordpress\/wp-content\/uploads\/2020\/03\/gildacatania400x400.png","datePublished":"2020-03-18T11:06:46+00:00","dateModified":"2021-01-18T14:00:19+00:00","breadcrumb":{"@id":"https:\/\/www.gildacatania.it\/wordpress\/?page_id=1793#breadcrumb"},"inLanguage":"it-IT","potentialAction":[{"@type":"ReadAction","target":["https:\/\/www.gildacatania.it\/wordpress\/?page_id=1793"]}]},{"@type":"ImageObject","inLanguage":"it-IT","@id":"https:\/\/www.gildacatania.it\/wordpress\/?page_id=1793#primaryimage","url":"https:\/\/www.gildacatania.it\/wordpress\/wp-content\/uploads\/2020\/03\/gildacatania400x400.png","contentUrl":"https:\/\/www.gildacatania.it\/wordpress\/wp-content\/uploads\/2020\/03\/gildacatania400x400.png","width":200,"height":200},{"@type":"BreadcrumbList","@id":"https:\/\/www.gildacatania.it\/wordpress\/?page_id=1793#breadcrumb","itemListElement":[{"@type":"ListItem","position":1,"name":"Home","item":"https:\/\/www.gildacatania.it\/wordpress\/"},{"@type":"ListItem","position":2,"name":"Chi siamo","item":"https:\/\/www.gildacatania.it\/wordpress\/?page_id=319"},{"@type":"ListItem","position":3,"name":"Iscriviti"}]},{"@type":"WebSite","@id":"https:\/\/www.gildacatania.it\/wordpress\/#website","url":"https:\/\/www.gildacatania.it\/wordpress\/","name":"Gilda Catania","description":"Ordine professionale docenti","potentialAction":[{"@type":"SearchAction","target":{"@type":"EntryPoint","urlTemplate":"https:\/\/www.gildacatania.it\/wordpress\/?s={search_term_string}"},"query-input":{"@type":"PropertyValueSpecification","valueRequired":true,"valueName":"search_term_string"}}],"inLanguage":"it-IT"}]}},"_links":{"self":[{"href":"https:\/\/www.gildacatania.it\/wordpress\/index.php?rest_route=\/wp\/v2\/pages\/1793","targetHints":{"allow":["GET"]}}],"collection":[{"href":"https:\/\/www.gildacatania.it\/wordpress\/index.php?rest_route=\/wp\/v2\/pages"}],"about":[{"href":"https:\/\/www.gildacatania.it\/wordpress\/index.php?rest_route=\/wp\/v2\/types\/page"}],"author":[{"embeddable":true,"href":"https:\/\/www.gildacatania.it\/wordpress\/index.php?rest_route=\/wp\/v2\/users\/1"}],"replies":[{"embeddable":true,"href":"https:\/\/www.gildacatania.it\/wordpress\/index.php?rest_route=%2Fwp%2Fv2%2Fcomments&post=1793"}],"version-history":[{"count":0,"href":"https:\/\/www.gildacatania.it\/wordpress\/index.php?rest_route=\/wp\/v2\/pages\/1793\/revisions"}],"up":[{"embeddable":true,"href":"https:\/\/www.gildacatania.it\/wordpress\/index.php?rest_route=\/wp\/v2\/pages\/319"}],"wp:featuredmedia":[{"embeddable":true,"href":"https:\/\/www.gildacatania.it\/wordpress\/index.php?rest_route=\/wp\/v2\/media\/1839"}],"wp:attachment":[{"href":"https:\/\/www.gildacatania.it\/wordpress\/index.php?rest_route=%2Fwp%2Fv2%2Fmedia&parent=1793"}],"curies":[{"name":"wp","href":"https:\/\/api.w.org\/{rel}","templated":true}]}}